{"id":87,"date":"2015-01-23T15:26:14","date_gmt":"2015-01-23T15:26:14","guid":{"rendered":"http:\/\/wptest.fichtenhein.de\/?page_id=87"},"modified":"2015-02-09T09:40:09","modified_gmt":"2015-02-09T09:40:09","slug":"willkommen","status":"publish","type":"page","link":"https:\/\/villa-fichtenhain.de\/","title":{"rendered":"Willkommen"},"content":{"rendered":"<p style=\"text-align: center;\">Herzlich Willkommen im wundersch\u00f6nen Seeheilbad Bansin, dem kleinsten und unserer Meinung nach sch\u00f6nstem der drei Kaiserb\u00e4der. Gerne begr\u00fc\u00dfen wir Sie in der Villa Fichtenhain. Bei uns erwarten Sie wundersch\u00f6ne Ferienwohnungen in strandnaher zentraler Lage.<\/p>\n<p style=\"text-align: center;\"><a href=\"http:\/\/fichtenhein.de\/wp-content\/uploads\/2015\/01\/logousedom_trans.png\"><img loading=\"lazy\" class=\"alignnone size-medium wp-image-97\" src=\"http:\/\/fichtenhein.de\/wp-content\/uploads\/2015\/01\/logousedom_trans-300x135.png\" alt=\"logousedom_trans\" width=\"300\" height=\"135\" srcset=\"https:\/\/villa-fichtenhain.de\/wp-content\/uploads\/2015\/01\/logousedom_trans-300x135.png 300w, https:\/\/villa-fichtenhain.de\/wp-content\/uploads\/2015\/01\/logousedom_trans-670x300.png 670w, https:\/\/villa-fichtenhain.de\/wp-content\/uploads\/2015\/01\/logousedom_trans.png 810w\" sizes=\"(max-width: 300px) 100vw, 300px\" \/><\/a><\/p>\n<p style=\"text-align: center;\">\n","protected":false},"excerpt":{"rendered":"<p>Herzlich Willkommen im wundersch\u00f6nen Seeheilbad Bansin, dem kleinsten und unserer Meinung nach sch\u00f6nstem der drei Kaiserb\u00e4der. Gerne begr\u00fc\u00dfen wir Sie in der Villa Fichtenhain. Bei uns erwarten Sie wundersch\u00f6ne Ferienwohnungen in strandnaher zentraler Lage.<\/p>\n","protected":false},"author":1,"featured_media":0,"parent":0,"menu_order":0,"comment_status":"closed","ping_status":"closed","template":"","meta":{"ngg_post_thumbnail":0},"_links":{"self":[{"href":"https:\/\/villa-fichtenhain.de\/index.php?rest_route=\/wp\/v2\/pages\/87"}],"collection":[{"href":"https:\/\/villa-fichtenhain.de\/index.php?rest_route=\/wp\/v2\/pages"}],"about":[{"href":"https:\/\/villa-fichtenhain.de\/index.php?rest_route=\/wp\/v2\/types\/page"}],"author":[{"embeddable":true,"href":"https:\/\/villa-fichtenhain.de\/index.php?rest_route=\/wp\/v2\/users\/1"}],"replies":[{"embeddable":true,"href":"https:\/\/villa-fichtenhain.de\/index.php?rest_route=%2Fwp%2Fv2%2Fcomments&post=87"}],"version-history":[{"count":8,"href":"https:\/\/villa-fichtenhain.de\/index.php?rest_route=\/wp\/v2\/pages\/87\/revisions"}],"predecessor-version":[{"id":217,"href":"https:\/\/villa-fichtenhain.de\/index.php?rest_route=\/wp\/v2\/pages\/87\/revisions\/217"}],"wp:attachment":[{"href":"https:\/\/villa-fichtenhain.de\/index.php?rest_route=%2Fwp%2Fv2%2Fmedia&parent=87"}],"curies":[{"name":"wp","href":"https:\/\/api.w.org\/{rel}","templated":true}]}}