{"id":7,"date":"2015-01-22T17:06:48","date_gmt":"2015-01-22T17:06:48","guid":{"rendered":"http:\/\/wptest.fichtenhein.de\/?page_id=7"},"modified":"2015-02-15T21:35:50","modified_gmt":"2015-02-15T21:35:50","slug":"die-villa","status":"publish","type":"page","link":"https:\/\/villa-fichtenhain.de\/?page_id=7","title":{"rendered":"Die Villa"},"content":{"rendered":"<p>Die Villa Fichtenhain befindet sich im wundersch\u00f6nen Seeheilbad Bansin, dem\u00a0kleinsten\u00a0der drei Kaiserb\u00e4der auf der Insel Usedom. Die Villa ist zentral gelegen. Alle wichtigen Einrichtungen wie Arzt, Lebensmittelmarkt usw. befinden sich maximal 500m von der Villa entfernt.<\/p>\n<p class=\"p1\"><span class=\"s1\">Die Villa Fichtenhain besitzt eine kleine (38 m\u00b2) und eine gro\u00dfe Ferienwohnung (60 m\u00b2). Die kleine\u00a0Ferienwohnung ist f\u00fcr 2 Personen geeignet (max. 2 Aufbettungen sind m\u00f6glich). Die gro\u00dfe Wohnung ist f\u00fcr bis zu 4 Personen geeignet. Beide besitzen einen separaten Eingang. Ein Parkplatz ist selbstverst\u00e4ndlich vor dem Haus vorhanden.<\/span><\/p>\n<p class=\"p1\"><a href=\"http:\/\/fichtenhein.de\/wp-content\/uploads\/2015\/01\/Haus.jpg\"><img loading=\"lazy\" class=\"alignnone size-medium wp-image-24 aligncenter\" src=\"http:\/\/fichtenhein.de\/wp-content\/uploads\/2015\/01\/Haus-300x225.jpg\" alt=\"Haus\" width=\"300\" height=\"225\" srcset=\"https:\/\/villa-fichtenhain.de\/wp-content\/uploads\/2015\/01\/Haus-300x225.jpg 300w, https:\/\/villa-fichtenhain.de\/wp-content\/uploads\/2015\/01\/Haus.jpg 640w\" sizes=\"(max-width: 300px) 100vw, 300px\" \/><\/a><\/p>\n<p class=\"p1\">\n","protected":false},"excerpt":{"rendered":"<p>Die Villa Fichtenhain befindet sich im wundersch\u00f6nen Seeheilbad Bansin, dem\u00a0kleinsten\u00a0der drei Kaiserb\u00e4der auf der Insel Usedom. Die Villa ist zentral gelegen. Alle wichtigen Einrichtungen wie Arzt, Lebensmittelmarkt usw. befinden sich maximal 500m von der Villa entfernt. Die Villa Fichtenhain besitzt&hellip; <\/p>\n","protected":false},"author":1,"featured_media":0,"parent":0,"menu_order":1,"comment_status":"closed","ping_status":"closed","template":"","meta":{"ngg_post_thumbnail":0},"_links":{"self":[{"href":"https:\/\/villa-fichtenhain.de\/index.php?rest_route=\/wp\/v2\/pages\/7"}],"collection":[{"href":"https:\/\/villa-fichtenhain.de\/index.php?rest_route=\/wp\/v2\/pages"}],"about":[{"href":"https:\/\/villa-fichtenhain.de\/index.php?rest_route=\/wp\/v2\/types\/page"}],"author":[{"embeddable":true,"href":"https:\/\/villa-fichtenhain.de\/index.php?rest_route=\/wp\/v2\/users\/1"}],"replies":[{"embeddable":true,"href":"https:\/\/villa-fichtenhain.de\/index.php?rest_route=%2Fwp%2Fv2%2Fcomments&post=7"}],"version-history":[{"count":15,"href":"https:\/\/villa-fichtenhain.de\/index.php?rest_route=\/wp\/v2\/pages\/7\/revisions"}],"predecessor-version":[{"id":233,"href":"https:\/\/villa-fichtenhain.de\/index.php?rest_route=\/wp\/v2\/pages\/7\/revisions\/233"}],"wp:attachment":[{"href":"https:\/\/villa-fichtenhain.de\/index.php?rest_route=%2Fwp%2Fv2%2Fmedia&parent=7"}],"curies":[{"name":"wp","href":"https:\/\/api.w.org\/{rel}","templated":true}]}}