{"id":12,"date":"2015-01-22T17:06:10","date_gmt":"2015-01-22T17:06:10","guid":{"rendered":"http:\/\/wptest.fichtenhein.de\/?page_id=12"},"modified":"2015-02-15T21:36:57","modified_gmt":"2015-02-15T21:36:57","slug":"anreise","status":"publish","type":"page","link":"https:\/\/villa-fichtenhain.de\/?page_id=12","title":{"rendered":"Anreise"},"content":{"rendered":"<p>Die Villa Fichtenhain befindet sich in zentraler Lage im Kaiserbad Bansin. Die Entfernung zum Strand betr\u00e4gt ungef\u00e4hr 200 m, sodass dieser problemlos weniger als 3 Minuten erreicht werden kann. Die Entfernung vom Bahnhof betr\u00e4gt ca.\u00a01 km.<\/p>\n<p>Durch die zentrale Lage lassen sich alle Gesch\u00e4fte des Kaiserbads Bansin in wenigen Minuten erreichen.<\/p>\n<p>Im Umkreis von 500 m befinden sich zahlreiche M\u00f6glichkeiten zum\u00a0Einkauf, zur Erholung\u00a0und\u00a0zur kulinarischen Verw\u00f6hnung.<\/p>\n\n","protected":false},"excerpt":{"rendered":"<p>Die Villa Fichtenhain befindet sich in zentraler Lage im Kaiserbad Bansin. Die Entfernung zum Strand betr\u00e4gt ungef\u00e4hr 200 m, sodass dieser problemlos weniger als 3 Minuten erreicht werden kann. Die Entfernung vom Bahnhof betr\u00e4gt ca.\u00a01 km. Durch die zentrale Lage&hellip; <\/p>\n","protected":false},"author":1,"featured_media":0,"parent":0,"menu_order":5,"comment_status":"closed","ping_status":"closed","template":"","meta":{"ngg_post_thumbnail":0},"_links":{"self":[{"href":"https:\/\/villa-fichtenhain.de\/index.php?rest_route=\/wp\/v2\/pages\/12"}],"collection":[{"href":"https:\/\/villa-fichtenhain.de\/index.php?rest_route=\/wp\/v2\/pages"}],"about":[{"href":"https:\/\/villa-fichtenhain.de\/index.php?rest_route=\/wp\/v2\/types\/page"}],"author":[{"embeddable":true,"href":"https:\/\/villa-fichtenhain.de\/index.php?rest_route=\/wp\/v2\/users\/1"}],"replies":[{"embeddable":true,"href":"https:\/\/villa-fichtenhain.de\/index.php?rest_route=%2Fwp%2Fv2%2Fcomments&post=12"}],"version-history":[{"count":8,"href":"https:\/\/villa-fichtenhain.de\/index.php?rest_route=\/wp\/v2\/pages\/12\/revisions"}],"predecessor-version":[{"id":234,"href":"https:\/\/villa-fichtenhain.de\/index.php?rest_route=\/wp\/v2\/pages\/12\/revisions\/234"}],"wp:attachment":[{"href":"https:\/\/villa-fichtenhain.de\/index.php?rest_route=%2Fwp%2Fv2%2Fmedia&parent=12"}],"curies":[{"name":"wp","href":"https:\/\/api.w.org\/{rel}","templated":true}]}}